{"id":57,"date":"2024-07-12T15:12:04","date_gmt":"2024-07-12T15:12:04","guid":{"rendered":"https:\/\/adriana-education.com\/?page_id=57"},"modified":"2024-07-25T18:51:45","modified_gmt":"2024-07-25T18:51:45","slug":"my-experience","status":"publish","type":"page","link":"https:\/\/adriana-education.com\/pt\/my-experience\/","title":{"rendered":"Minha experi\u00eancia"},"content":{"rendered":"<div class=\"nfd-pt-lg wp-block-group alignfull has-background nfd-bg-surface nfd-theme-dark is-layout-constrained wp-block-group-is-layout-constrained\" id=\"intro\" style=\"background:linear-gradient(0deg,rgb(243,244,246) 18%,rgb(22,26,29) 18%)\">\n<div class=\"nfd-gap-4xl wp-block-group is-vertical is-content-justification-center is-layout-flex wp-container-core-group-is-layout-ce155fab wp-block-group-is-layout-flex\">\n<div class=\"nfd-container wp-block-group is-layout-constrained wp-block-group-is-layout-constrained\">\n<div class=\"nfd-gap-xl wp-block-group nfd-wb-animate nfd-wb-fade-in-bottom is-vertical is-content-justification-center is-layout-flex wp-container-core-group-is-layout-f9a93ed8 wp-block-group-is-layout-flex\">\n<h1 class=\"nfd-text-giga nfd-text-contrast nfd-text-balance wp-block-heading has-text-align-center\">Minha experi\u00eancia<\/h1>\n<\/div>\n<\/div>\n\n\n\n<div class=\"wp-block-group alignfull nfd-wb-animate nfd-wb-twist-in nfd-delay-450 is-content-justification-center is-nowrap is-layout-flex wp-container-core-group-is-layout-bcf5fd3f wp-block-group-is-layout-flex\" style=\"padding-top:0;padding-right:0;padding-bottom:0;padding-left:0\">\n<figure class=\"nfd-rounded-t-xl wp-block-image aligncenter size-large is-resized\"><img decoding=\"async\" src=\"https:\/\/images.unsplash.com\/photo-1497633762265-9d179a990aa6?w=500&amp;auto=format&amp;fit=crop&amp;q=60&amp;ixlib=rb-4.0.3&amp;ixid=M3wxMjA3fDB8MHxzZWFyY2h8MXx8ZWR1Y2F0aW9ufGVufDB8fDB8fHwy\" alt=\"\" style=\"aspect-ratio:1.3333333333333333;object-fit:cover;width:359px;height:auto\"\/><\/figure>\n<\/div>\n<\/div>\n<\/div>\n\n\n\n<div id=\"testimonial\" class=\"nfd-container nfd-p-md nfd-my-0 wp-block-group nfd-divider-slant-invert nfd-bg-surface nfd-theme-light is-layout-constrained wp-block-group-is-layout-constrained\">\n<div class=\"nfd-text-pretty nfd-max-w-prose nfd-text-lg wp-block-group is-vertical is-content-justification-stretch is-layout-flex wp-container-core-group-is-layout-353c4f5a wp-block-group-is-layout-flex\">\n<p class=\"has-text-align-left nfd-wb-animate nfd-wb-zoom-in-short\" style=\"font-style:normal;font-weight:400\">Tenho mais de 20 anos de experi\u00eancia em educa\u00e7\u00e3o cient\u00edfica, desenvolvimento curricular, orienta\u00e7\u00e3o de estudantes e apoio abrangente a estudantes neurodiversos e fam\u00edlias internacionais. Com diplomas avan\u00e7ados em Neurobiologia, Educa\u00e7\u00e3o e Biologia, e uma vasta experi\u00eancia pr\u00e1tica de ensino em v\u00e1rias institui\u00e7\u00f5es de ensino, estou numa posi\u00e7\u00e3o \u00fanica para oferecer servi\u00e7os de consultoria educacional da mais alta qualidade.<\/p>\n\n\n\n<div class=\"wp-block-group is-layout-constrained wp-block-group-is-layout-constrained\"><\/div>\n<\/div>\n<\/div>\n\n\n\n<div class=\"nfd-container nfd-py-lg wp-block-group nfd-bg-surface nfd-theme-white is-layout-constrained wp-container-core-group-is-layout-f36bc466 wp-block-group-is-layout-constrained\">\n<div class=\"nfd-text-md nfd-max-w-prose wp-block-group is-layout-constrained wp-block-group-is-layout-constrained\">\n<div class=\"nfd-gap-0 wp-block-group is-vertical is-content-justification-stretch is-layout-flex wp-container-core-group-is-layout-353c4f5a wp-block-group-is-layout-flex\">\n<div class=\"wp-block-group is-layout-constrained wp-block-group-is-layout-constrained\">\n<div class=\"wp-block-group is-layout-constrained wp-container-core-group-is-layout-639b5052 wp-block-group-is-layout-constrained\" style=\"padding-top:0;padding-right:0;padding-bottom:0;padding-left:0\">\n<h1 class=\"wp-block-heading has-base-color has-text-color has-link-color wp-elements-8978320a0f7952200512fa6ef30e845d\"><strong>Minha Abordagem<\/strong><\/h1>\n\n\n\n<p class=\"\">Eu me diferencio de outros servi\u00e7os por meio de uma abordagem hol\u00edstica que enfatiza o desenvolvimento geral de seu filho. Veja como:<\/p>\n\n\n\n<ul class=\"wp-block-list\">\n<li class=\"\">Foco no desenvolvimento hol\u00edstico: al\u00e9m do coaching de fun\u00e7\u00f5es executivas, abordo a intelig\u00eancia emocional, o gerenciamento do estresse e as habilidades interpessoais, garantindo um desenvolvimento abrangente.<\/li>\n\n\n\n<li class=\"\">Envolvimento dos pais: Comunica\u00e7\u00e3o regular, relat\u00f3rios de progresso e workshops para pais garantem que voc\u00ea esteja ativamente envolvido e apoiado durante todo o processo.<\/li>\n\n\n\n<li class=\"\">Solu\u00e7\u00f5es personalizadas: Cada plano de orienta\u00e7\u00e3o \u00e9 adaptado \u00e0s necessidades exclusivas de seu filho, com avalia\u00e7\u00f5es completas para identificar desafios e pontos fortes espec\u00edficos.<\/li>\n\n\n\n<li class=\"\">Envolvimento com a comunidade: Os servi\u00e7os pro bono demonstram meu compromisso com a responsabilidade social e o apoio \u00e0 comunidade.<\/li>\n\n\n\n<li class=\"\">Servi\u00e7os abrangentes de coloca\u00e7\u00e3o escolar: Forne\u00e7o pesquisa aprofundada sobre as escolas, prepara\u00e7\u00e3o para entrevistas e percep\u00e7\u00f5es detalhadas para ajud\u00e1-lo a tomar decis\u00f5es informadas.<\/li>\n<\/ul>\n<\/div>\n<\/div>\n<\/div>\n<\/div>\n\n\n\n<div class=\"wp-block-buttons is-content-justification-center is-layout-flex wp-container-core-buttons-is-layout-a89b3969 wp-block-buttons-is-layout-flex\">\n<div class=\"is-style-outline wp-block-button has-custom-font-size has-medium-font-size is-style-outline--1\"><a class=\"wp-block-button__link has-text-align-center wp-element-button\" href=\"https:\/\/docs.google.com\/document\/d\/1cjHQHghKPv0x8F0oyyzZHTY7zb_jGrA4SWL7-OnHYYc\/edit?usp=sharing\" style=\"padding-top:var(--wp--preset--spacing--10);padding-right:var(--wp--preset--spacing--80);padding-bottom:var(--wp--preset--spacing--10);padding-left:var(--wp--preset--spacing--80)\">Meu curriculo<\/a><\/div>\n<\/div>\n<\/div>\n\n\n\n<div id=\"call-to-action\" class=\"nfd-container nfd-p-lg wp-block-group nfd-wb-animate nfd-wb-fade-in-bottom nfd-bg-surface nfd-theme-darker is-layout-constrained wp-container-core-group-is-layout-d763400c wp-block-group-is-layout-constrained\" style=\"padding-top:var(--wp--preset--spacing--40);padding-bottom:var(--wp--preset--spacing--40)\">\n<div class=\"nfd-gap-lg wp-block-group is-vertical is-content-justification-center is-layout-flex wp-container-core-group-is-layout-ce155fab wp-block-group-is-layout-flex\">\n<h2 class=\"wp-block-heading nfd-text-huge nfd-text-current md:nfd-no-br has-text-align-center\">Solicite uma consulta gratuita<\/h2>\n\n\n\n<div class=\"nfd-text-md nfd-text-faded wp-block-group is-layout-constrained wp-container-core-group-is-layout-21deba94 wp-block-group-is-layout-constrained\">\n<p class=\"has-text-align-center\">Confie em nossa experi\u00eancia para obter o melhor resultado para seu caso.<\/p>\n<\/div>\n<\/div>\n\n\n\n<div class=\"nfd-container nfd-p-lg wp-block-group alignfull is-layout-constrained wp-container-core-group-is-layout-ec9bead0 wp-block-group-is-layout-constrained\" style=\"margin-top:var(--wp--preset--spacing--40);margin-bottom:var(--wp--preset--spacing--40);padding-top:0;padding-right:0;padding-bottom:0;padding-left:0\">\n<div class=\"nfd-rounded-lg nfd-overflow-hidden wp-block-group nfd-wb-animate nfd-wb-fade-in-bottom-short nfd-delay-300 nfd-bg-surface nfd-theme-white is-content-justification-left is-layout-flex wp-container-core-group-is-layout-46c3cdc7 wp-block-group-is-layout-flex\">\n<div class=\"nfd-p-card-square-lg nfd-text-base nfd-gap-xl wp-block-group nfd-bg-surface nfd-theme-darker nfd-bg-effect-grid-2 wp-container-content-62513620 is-vertical is-content-justification-left is-layout-flex wp-container-core-group-is-layout-994fc1a2 wp-block-group-is-layout-flex\">\n<div class=\"nfd-gap-sm wp-block-group is-vertical is-layout-flex wp-container-core-group-is-layout-fe9cc265 wp-block-group-is-layout-flex\">\n<h2 class=\"wp-block-heading nfd-text-contrast nfd-text-lg\">Entre em contato<\/h2>\n\n\n\n<p class=\"nfd-text-faded\">Estamos aqui para responder \u00e0s suas perguntas e ouvir suas sugest\u00f5es.<\/p>\n<\/div>\n\n\n\n<div class=\"nfd-gap-md wp-block-group is-vertical is-layout-flex wp-container-core-group-is-layout-fe9cc265 wp-block-group-is-layout-flex\"><\/div>\n\n\n\n<div class=\"nfd-gap-md wp-block-group is-vertical is-layout-flex wp-container-core-group-is-layout-fe9cc265 wp-block-group-is-layout-flex\"><\/div>\n<\/div>\n\n\n\n<div class=\"nfd-p-card-square-lg md:nfd-basis-full wp-block-group nfd-bg-surface nfd-theme-white wp-container-content-6d18316b is-layout-constrained wp-container-core-group-is-layout-41c06ba8 wp-block-group-is-layout-constrained\"><div class=\"wp-block-jetpack-contact-form is-layout-flex wp-container-jetpack-contact-form-is-layout-2b4208ba wp-block-jetpack-contact-form-is-layout-flex\"><a href=\"https:\/\/adriana-education.com\/pt\/my-experience\/\" target=\"_blank\" rel=\"noopener noreferrer\">Envie um formul\u00e1rio.<\/a><\/div>\n\n<div class=\"wp-block-jetpack-contact-form is-style-default nfd-jp-form\"><a href=\"https:\/\/adriana-education.com\/pt\/my-experience\/\" target=\"_blank\" rel=\"noopener noreferrer\">Envie um formul\u00e1rio.<\/a><\/div><\/div>\n<\/div>\n<\/div>\n<\/div>","protected":false},"excerpt":{"rendered":"<p>My Experience I bring over 20 years of experience in science education, curriculum development, student mentorship, and comprehensive support for neurodiverse students and international families. With advanced degrees in Neurobiology, Education, and Biology, and extensive practical teaching experience across various educational institutions, I am uniquely positioned to offer the highest quality educational consulting services. My [&hellip;]<\/p>\n","protected":false},"author":1,"featured_media":0,"parent":0,"menu_order":0,"comment_status":"closed","ping_status":"closed","template":"no-title","meta":{"nf_dc_page":"","footnotes":""},"class_list":["post-57","page","type-page","status-publish","hentry"],"jetpack_sharing_enabled":true,"_links":{"self":[{"href":"https:\/\/adriana-education.com\/pt\/wp-json\/wp\/v2\/pages\/57","targetHints":{"allow":["GET"]}}],"collection":[{"href":"https:\/\/adriana-education.com\/pt\/wp-json\/wp\/v2\/pages"}],"about":[{"href":"https:\/\/adriana-education.com\/pt\/wp-json\/wp\/v2\/types\/page"}],"author":[{"embeddable":true,"href":"https:\/\/adriana-education.com\/pt\/wp-json\/wp\/v2\/users\/1"}],"replies":[{"embeddable":true,"href":"https:\/\/adriana-education.com\/pt\/wp-json\/wp\/v2\/comments?post=57"}],"version-history":[{"count":5,"href":"https:\/\/adriana-education.com\/pt\/wp-json\/wp\/v2\/pages\/57\/revisions"}],"predecessor-version":[{"id":109,"href":"https:\/\/adriana-education.com\/pt\/wp-json\/wp\/v2\/pages\/57\/revisions\/109"}],"wp:attachment":[{"href":"https:\/\/adriana-education.com\/pt\/wp-json\/wp\/v2\/media?parent=57"}],"curies":[{"name":"wp","href":"https:\/\/api.w.org\/{rel}","templated":true}]}}