{"id":39,"date":"2024-07-12T16:16:08","date_gmt":"2024-07-12T16:16:08","guid":{"rendered":"https:\/\/adriana-education.com\/?page_id=39"},"modified":"2024-07-25T18:47:52","modified_gmt":"2024-07-25T18:47:52","slug":"school-and-college-placement-for-international-students","status":"publish","type":"page","link":"https:\/\/adriana-education.com\/pt\/school-and-college-placement-for-international-students\/","title":{"rendered":"Coloca\u00e7\u00e3o em escolas e faculdades para alunos internacionais"},"content":{"rendered":"<div class=\"nfd-container wp-block-group has-white-color has-text-color nfd-bg-surface nfd-theme-white is-layout-constrained wp-block-group-is-layout-constrained\">\n<div class=\"nfd-p-lg nfd-bg-primary nfd-rounded-lg wp-block-cover has-parallax\" style=\"min-height:35vh;aspect-ratio:unset;\"><span aria-hidden=\"true\" class=\"wp-block-cover__background has-background-dim-70 has-background-dim\"><\/span><div class=\"wp-block-cover__image-background has-parallax\" style=\"background-position:50% 50%;background-image:url(https:\/\/images.unsplash.com\/photo-1516534775068-ba3e7458af70?ixlib=rb-4.0.3u0026amp;ixid=MnwxMjA3fDB8MHxwaG90by1wYWdlfHx8fGVufDB8fHx8u0026amp;auto=formatu0026amp;fit=cropu0026amp;w=1548u0026amp;q=80u0026w=1200u0026h=u0026crop=)\"><\/div><div class=\"wp-block-cover__inner-container is-layout-flow wp-block-cover-is-layout-flow\">\n<div class=\"nfd-container nfd-gap-md wp-block-group alignwide has-background nfd-bg-surface nfd-theme-dark is-vertical is-content-justification-center is-layout-flex wp-container-core-group-is-layout-fa38c63a wp-block-group-is-layout-flex\" style=\"background-color:#ffffff00\">\n<h2 class=\"wp-block-heading nfd-text-huge nfd-text-contrast nfd-text-balance has-text-align-center\"><strong>Coloca\u00e7\u00e3o em escolas e faculdades para alunos internacionais<\/strong><\/h2>\n<\/div>\n\n\n\n<p class=\"nfd-text-xs nfd-text-balance has-text-align-center\" style=\"font-style:normal;font-weight:600;text-transform:uppercase\">Ofere\u00e7o orienta\u00e7\u00e3o abrangente para fam\u00edlias internacionais que buscam identificar escolas e faculdades dos EUA que sejam adequadas para seus filhos.<\/p>\n<\/div><\/div>\n<\/div>\n\n\n\n<div class=\"nfd-container nfd-p-lg wp-block-group nfd-bg-surface nfd-theme-light is-layout-constrained wp-block-group-is-layout-constrained\">\n<div class=\"nfd-gap-y-2xl wp-block-columns is-layout-flex wp-container-core-columns-is-layout-3140f7b4 wp-block-columns-is-layout-flex\" style=\"padding-top:0;padding-right:0;padding-bottom:0;padding-left:0\">\n<div class=\"wp-block-column is-layout-flow wp-container-core-column-is-layout-8a368f38 wp-block-column-is-layout-flow\">\n<div class=\"wp-block-group is-vertical is-layout-flex wp-container-core-group-is-layout-fe9cc265 wp-block-group-is-layout-flex\">\n<div class=\"wp-block-group has-contrast-background-color has-background is-layout-constrained wp-block-group-is-layout-constrained\">\n<div class=\"wp-block-columns is-layout-flex wp-container-core-columns-is-layout-28f84493 wp-block-columns-is-layout-flex\">\n<div class=\"wp-block-column is-layout-flow wp-block-column-is-layout-flow\">\n<h2 class=\"wp-block-heading\"><strong>Suporte para coloca\u00e7\u00e3o<\/strong><\/h2>\n<\/div>\n<\/div>\n\n\n\n<p class=\"\">Ajude a identificar escolas e faculdades que correspondam \u00e0s metas acad\u00eamicas e pessoais dos alunos.<\/p>\n<\/div>\n<\/div>\n<\/div>\n\n\n\n<div class=\"wp-block-column is-layout-flow wp-container-core-column-is-layout-8a368f38 wp-block-column-is-layout-flow\">\n<div class=\"wp-block-columns is-layout-flex wp-container-core-columns-is-layout-28f84493 wp-block-columns-is-layout-flex\">\n<div class=\"wp-block-column is-layout-flow wp-block-column-is-layout-flow\">\n<div class=\"nfd-gap-md nfd-p-card-sm wp-block-group is-vertical is-content-justification-stretch is-layout-flex wp-container-core-group-is-layout-353c4f5a wp-block-group-is-layout-flex\">\n<div class=\"wp-block-group has-contrast-background-color has-background is-layout-constrained wp-block-group-is-layout-constrained\">\n<h2 class=\"wp-block-heading\" style=\"padding-top:0;padding-right:0;padding-bottom:0;padding-left:0\"><strong><strong><strong>Orienta\u00e7\u00e3o para inscri\u00e7\u00e3o<\/strong><\/strong><\/strong><\/h2>\n\n\n\n<div class=\"wp-block-group is-vertical is-layout-flex wp-container-core-group-is-layout-fe9cc265 wp-block-group-is-layout-flex\">\n<div class=\"wp-block-group is-vertical is-layout-flex wp-container-core-group-is-layout-fe9cc265 wp-block-group-is-layout-flex\">\n<p class=\"\">Ajude os alunos no processo de inscri\u00e7\u00e3o em escolas e faculdades dos EUA, incluindo reda\u00e7\u00e3o, preenchimento de formul\u00e1rios de inscri\u00e7\u00e3o e prepara\u00e7\u00e3o de documentos.<\/p>\n<\/div>\n<\/div>\n<\/div>\n<\/div>\n<\/div>\n<\/div>\n<\/div>\n\n\n\n<div class=\"wp-block-column is-layout-flow wp-block-column-is-layout-flow\">\n<div class=\"wp-block-group is-vertical is-layout-flex wp-container-core-group-is-layout-fe9cc265 wp-block-group-is-layout-flex\">\n<div class=\"wp-block-group has-contrast-background-color has-background is-layout-constrained wp-block-group-is-layout-constrained\">\n<div class=\"wp-block-columns is-layout-flex wp-container-core-columns-is-layout-28f84493 wp-block-columns-is-layout-flex\">\n<div class=\"wp-block-column is-layout-flow wp-block-column-is-layout-flow\">\n<h2 class=\"wp-block-heading\"><strong>Prepara\u00e7\u00e3o para entrevistas<\/strong><\/h2>\n<\/div>\n<\/div>\n\n\n\n<p class=\"\">Oferecer orienta\u00e7\u00e3o para ajudar os alunos a se prepararem para as entrevistas de admiss\u00e3o, inclusive com a realiza\u00e7\u00e3o de entrevistas simuladas.<\/p>\n<\/div>\n<\/div>\n<\/div>\n\n\n\n<div class=\"wp-block-column is-layout-flow wp-container-core-column-is-layout-8a368f38 wp-block-column-is-layout-flow\">\n<div class=\"nfd-theme-white nfd-bg-surface nfd-gap-0 nfd-shadow-xs nfd-rounded wp-block-group is-vertical is-content-justification-center is-layout-flex wp-container-core-group-is-layout-4f05d86a wp-block-group-is-layout-flex\" style=\"padding-top:4px;padding-right:4px;padding-bottom:4px;padding-left:4px\">\n<div class=\"nfd-gap-md nfd-p-card-sm wp-block-group is-vertical is-content-justification-stretch is-layout-flex wp-container-core-group-is-layout-353c4f5a wp-block-group-is-layout-flex\">\n<h2 class=\"wp-block-heading\"><strong><strong>Orienta\u00e7\u00e3o cultural<\/strong><\/strong><\/h2>\n\n\n\n<p class=\"\">Ajude os alunos internacionais a se adaptarem ao sistema educacional e \u00e0 cultura dos EUA.<\/p>\n<\/div>\n<\/div>\n<\/div>\n<\/div>\n<\/div>\n\n\n\n<div class=\"nfd-container wp-block-group is-layout-constrained wp-container-core-group-is-layout-f36bc466 wp-block-group-is-layout-constrained\">\n<div class=\"nfd-p-card-md nfd-rounded nfd-gap-xl nfd-shadow-xs wp-block-group nfd-bg-surface nfd-theme-light is-content-justification-space-between is-layout-flex wp-container-core-group-is-layout-9366075c wp-block-group-is-layout-flex\">\n<div class=\"nfd-gap-md wp-block-group is-layout-flex wp-block-group-is-layout-flex\">\n<div class=\"nfd-gap-0 wp-block-group is-vertical is-layout-flex wp-container-core-group-is-layout-fe9cc265 wp-block-group-is-layout-flex\">\n<h2 class=\"wp-block-heading has-black-color has-text-color has-link-color wp-elements-b3ef9a8cf9f694002b79b9c9ebffb47e\">Coloca\u00e7\u00e3o em escolas e faculdades para alunos internacionais<\/h2>\n\n\n\n<p class=\"\">Coloca\u00e7\u00e3o em escolas e faculdades para alunos internacionais\nOfere\u00e7o orienta\u00e7\u00e3o abrangente para ajudar fam\u00edlias internacionais a identificar escolas e faculdades dos EUA que sejam adequadas para seus filhos. Minha experi\u00eancia com v\u00e1rios sistemas educacionais me torna um recurso inestim\u00e1vel para as fam\u00edlias que est\u00e3o navegando no complexo processo de coloca\u00e7\u00e3o.<\/p>\n\n\n\n<p class=\"nfd-text-base nfd-text-faded\">.<\/p>\n<\/div>\n<\/div>\n<\/div>\n<\/div>\n\n\n\n<div class=\"nfd-container nfd-p-lg wp-block-group nfd-bg-surface nfd-theme-dark nfd-bg-effect-grid is-layout-constrained wp-block-group-is-layout-constrained\">\n<div class=\"nfd-gap-3xl wp-block-columns is-layout-flex wp-container-core-columns-is-layout-28f84493 wp-block-columns-is-layout-flex\">\n<div class=\"wp-block-column is-layout-flow wp-block-column-is-layout-flow\">\n<div class=\"wp-block-group is-vertical is-content-justification-center is-layout-flex wp-container-core-group-is-layout-333ec4aa wp-block-group-is-layout-flex\">\n<div class=\"nfd-container nfd-py-lg wp-block-group alignfull nfd-bg-surface nfd-theme-primary is-layout-constrained wp-block-group-is-layout-constrained\">\n<div class=\"nfd-gap-0 wp-block-group alignfull is-vertical is-content-justification-center is-layout-flex wp-container-core-group-is-layout-ce155fab wp-block-group-is-layout-flex\">\n<div class=\"nfd-gap-lg nfd-pb-lg wp-block-group is-vertical is-content-justification-center is-layout-flex wp-container-core-group-is-layout-fa38c63a wp-block-group-is-layout-flex\">\n<div class=\"wp-block-group is-nowrap is-layout-flex wp-container-core-group-is-layout-6c531013 wp-block-group-is-layout-flex\">\n<div class=\"nfd-shadow-xs nfd-rounded-full wp-block-group nfd-bg-surface nfd-theme-darker is-layout-constrained wp-container-core-group-is-layout-c4486197 wp-block-group-is-layout-constrained\" style=\"padding-top:6px;padding-right:16px;padding-bottom:6px;padding-left:16px\">\n<p class=\"nfd-text-xs\" style=\"font-style:normal;font-weight:600;text-transform:uppercase\">VAMOS CONVERSAR<\/p>\n<\/div>\n<\/div>\n\n\n\n<h2 class=\"wp-block-heading nfd-text-huge nfd-text-contrast nfd-text-balance has-text-align-center\">Solicite uma consulta gratuita<\/h2>\n\n\n\n<p class=\"nfd-text-md nfd-text-balance nfd-text-faded has-text-align-center\">Gostar\u00edamos muito de ouvir de voc\u00ea. Estamos aqui para responder \u00e0s suas perguntas e ouvir suas sugest\u00f5es.<\/p>\n<\/div>\n\n\n\n<div class=\"nfd-container nfd-py-0 nfd-px-lg wp-block-group alignfull is-layout-constrained wp-block-group-is-layout-constrained\">\n<div class=\"nfd-rounded-lg nfd-overflow-hidden wp-block-group nfd-wb-animate nfd-wb-fade-in-bottom-short nfd-delay-300 nfd-bg-surface nfd-theme-white is-content-justification-left is-layout-flex wp-container-core-group-is-layout-46c3cdc7 wp-block-group-is-layout-flex\">\n<div class=\"nfd-p-card-square-lg nfd-text-base nfd-gap-xl wp-block-group nfd-bg-surface nfd-theme-darker nfd-bg-effect-grid-2 wp-container-content-62513620 is-vertical is-content-justification-left is-layout-flex wp-container-core-group-is-layout-994fc1a2 wp-block-group-is-layout-flex\">\n<div class=\"nfd-gap-sm wp-block-group is-vertical is-layout-flex wp-container-core-group-is-layout-fe9cc265 wp-block-group-is-layout-flex\">\n<h2 class=\"wp-block-heading nfd-text-contrast nfd-text-lg\">Entre em contato<\/h2>\n\n\n\n<p class=\"nfd-text-faded\">Estamos aqui para responder \u00e0s suas perguntas e ouvir suas sugest\u00f5es.<\/p>\n<\/div>\n\n\n\n<div class=\"nfd-gap-md wp-block-group is-vertical is-layout-flex wp-container-core-group-is-layout-fe9cc265 wp-block-group-is-layout-flex\">\n<p class=\"\"><strong>New York<\/strong><\/p>\n\n\n\n<p class=\"nfd-text-opacity-80 nfd-text-sm\">7 Blvd Ave, New York<br>56712 NY<\/p>\n\n\n\n<p class=\"nfd-text-opacity-80 nfd-text-sm\">(212) 555-0001<br>hello@example.com<\/p>\n<\/div>\n\n\n\n<div class=\"nfd-gap-md wp-block-group is-vertical is-layout-flex wp-container-core-group-is-layout-fe9cc265 wp-block-group-is-layout-flex\"><\/div>\n<\/div>\n\n\n\n<div class=\"nfd-p-card-square-lg md:nfd-basis-full wp-block-group nfd-bg-surface nfd-theme-white wp-container-content-6d18316b is-layout-constrained wp-container-core-group-is-layout-41c06ba8 wp-block-group-is-layout-constrained\"><div class=\"wp-block-jetpack-contact-form is-style-default nfd-jp-form\"><a href=\"https:\/\/adriana-education.com\/pt\/school-and-college-placement-for-international-students\/\" target=\"_blank\" rel=\"noopener noreferrer\">Envie um formul\u00e1rio.<\/a><\/div><\/div>\n<\/div>\n<\/div>\n<\/div>\n<\/div>\n<\/div>\n<\/div>\n<\/div>\n<\/div>\n\n\n\n<p class=\"\"><\/p>\n\n\n\n<div class=\"nfd-container wp-block-group nfd-bg-surface nfd-theme-white is-layout-constrained wp-block-group-is-layout-constrained\">\n<div class=\"wp-block-columns is-layout-flex wp-container-core-columns-is-layout-28f84493 wp-block-columns-is-layout-flex\">\n<div class=\"wp-block-column is-layout-flow wp-block-column-is-layout-flow\"><\/div>\n\n\n\n<div class=\"wp-block-column is-layout-flow wp-block-column-is-layout-flow\"><\/div>\n<\/div>\n<\/div>\n\n\n\n<div class=\"nfd-container wp-block-group nfd-bg-surface nfd-theme-white is-layout-constrained wp-block-group-is-layout-constrained\">\n<div class=\"nfd-gap-xl nfd-gap-y-2xl wp-block-columns is-layout-flex wp-container-core-columns-is-layout-28f84493 wp-block-columns-is-layout-flex\">\n<div class=\"wp-block-column is-layout-flow wp-block-column-is-layout-flow\" style=\"flex-basis:66.66%\">\n<div class=\"nfd-query-loop-2 wp-block-query is-layout-flow wp-block-query-is-layout-flow\"><\/div>\n<\/div>\n\n\n\n<div class=\"wp-block-column is-vertically-aligned-center is-layout-flow wp-block-column-is-layout-flow\" style=\"flex-basis:33.33%\">\n<div class=\"nfd-gap-xl wp-block-group is-vertical is-layout-flex wp-container-core-group-is-layout-fe9cc265 wp-block-group-is-layout-flex\">\n<h2 class=\"nfd-text-lg wp-block-heading\">Publica\u00e7\u00f5es recentes<\/h2>\n\n\n\n<div class=\"wp-block-query is-layout-flow wp-block-query-is-layout-flow\"><\/div>\n<\/div>\n<\/div>\n<\/div>\n<\/div>","protected":false},"excerpt":{"rendered":"<p>Placement Support Help identify schools and colleges that match students\u2019 academic and personal goals. Application Guidance Assist students with the application process for U.S. schools and colleges, including essay writing, application form completion, and document preparation. Interview Preparation Provide coaching to help students prepare for admission interviews, including by conducting mock interviews. Cultural Orientation Help [&hellip;]<\/p>\n","protected":false},"author":1,"featured_media":0,"parent":0,"menu_order":0,"comment_status":"closed","ping_status":"closed","template":"","meta":{"nf_dc_page":"","footnotes":""},"class_list":["post-39","page","type-page","status-publish","hentry"],"jetpack_sharing_enabled":true,"_links":{"self":[{"href":"https:\/\/adriana-education.com\/pt\/wp-json\/wp\/v2\/pages\/39","targetHints":{"allow":["GET"]}}],"collection":[{"href":"https:\/\/adriana-education.com\/pt\/wp-json\/wp\/v2\/pages"}],"about":[{"href":"https:\/\/adriana-education.com\/pt\/wp-json\/wp\/v2\/types\/page"}],"author":[{"embeddable":true,"href":"https:\/\/adriana-education.com\/pt\/wp-json\/wp\/v2\/users\/1"}],"replies":[{"embeddable":true,"href":"https:\/\/adriana-education.com\/pt\/wp-json\/wp\/v2\/comments?post=39"}],"version-history":[{"count":5,"href":"https:\/\/adriana-education.com\/pt\/wp-json\/wp\/v2\/pages\/39\/revisions"}],"predecessor-version":[{"id":105,"href":"https:\/\/adriana-education.com\/pt\/wp-json\/wp\/v2\/pages\/39\/revisions\/105"}],"wp:attachment":[{"href":"https:\/\/adriana-education.com\/pt\/wp-json\/wp\/v2\/media?parent=39"}],"curies":[{"name":"wp","href":"https:\/\/api.w.org\/{rel}","templated":true}]}}