{"id":30,"date":"2024-07-12T15:26:06","date_gmt":"2024-07-12T15:26:06","guid":{"rendered":"https:\/\/adriana-education.com\/?page_id=30"},"modified":"2024-10-27T21:50:05","modified_gmt":"2024-10-27T21:50:05","slug":"adriana-andrade-education-services","status":"publish","type":"page","link":"https:\/\/adriana-education.com\/pt\/","title":{"rendered":"Adriana Andrade Servi\u00e7os de Educa\u00e7\u00e3o"},"content":{"rendered":"<div class=\"wp-block-columns is-layout-flex wp-container-core-columns-is-layout-28f84493 wp-block-columns-is-layout-flex\">\n<div class=\"wp-block-column is-layout-flow wp-block-column-is-layout-flow\" style=\"flex-basis:33.33%\">\n<figure class=\"wp-block-image aligncenter size-large is-resized\"><img data-recalc-dims=\"1\" loading=\"lazy\" decoding=\"async\" width=\"1024\" height=\"827\" src=\"https:\/\/i0.wp.com\/adriana-education.com\/wp-content\/uploads\/2024\/10\/PHOTO-2024-10-27-13-16-02-1.jpg?resize=1024%2C827&#038;ssl=1\" alt=\"\" class=\"wp-image-207\" style=\"width:250px;height:auto\" srcset=\"https:\/\/i0.wp.com\/adriana-education.com\/wp-content\/uploads\/2024\/10\/PHOTO-2024-10-27-13-16-02-1.jpg?resize=1024%2C827&amp;ssl=1 1024w, https:\/\/i0.wp.com\/adriana-education.com\/wp-content\/uploads\/2024\/10\/PHOTO-2024-10-27-13-16-02-1.jpg?resize=300%2C242&amp;ssl=1 300w, https:\/\/i0.wp.com\/adriana-education.com\/wp-content\/uploads\/2024\/10\/PHOTO-2024-10-27-13-16-02-1.jpg?resize=768%2C621&amp;ssl=1 768w, https:\/\/i0.wp.com\/adriana-education.com\/wp-content\/uploads\/2024\/10\/PHOTO-2024-10-27-13-16-02-1.jpg?resize=15%2C12&amp;ssl=1 15w, https:\/\/i0.wp.com\/adriana-education.com\/wp-content\/uploads\/2024\/10\/PHOTO-2024-10-27-13-16-02-1.jpg?resize=600%2C485&amp;ssl=1 600w, https:\/\/i0.wp.com\/adriana-education.com\/wp-content\/uploads\/2024\/10\/PHOTO-2024-10-27-13-16-02-1.jpg?w=1203&amp;ssl=1 1203w\" sizes=\"auto, (max-width: 1000px) 100vw, 1000px\" \/><\/figure>\n<\/div>\n\n\n\n<div class=\"wp-block-column is-layout-flow wp-block-column-is-layout-flow\" style=\"flex-basis:66.66%\">\n<p class=\"\">Como consultora educacional com mais de 20 anos de experi\u00eancia em pesquisa e educa\u00e7\u00e3o cient\u00edfica, desenvolvimento de curr\u00edculo e ensino, tive o privil\u00e9gio de trabalhar com alunos e fam\u00edlias de todas as origens, incluindo aqueles com necessidades de aprendizagem neurodiversas, fam\u00edlias internacionais e qualquer pessoa que esteja navegando pelas complexidades do sistema educacional dos EUA. Minha meta \u00e9 oferecer orienta\u00e7\u00e3o e suporte personalizados para ajudar cada aluno a atingir seu pleno potencial acad\u00eamico, independentemente de seu ponto de partida.<\/p>\n\n\n\n<p class=\"\">Minha jornada foi moldada por uma combina\u00e7\u00e3o de conquistas acad\u00eamicas e experi\u00eancias pessoais, que acredito me tornarem uma pessoa excepcionalmente preparada para prestar consultoria educacional excepcional.<br>Obtive meu mestrado em Biologia Molecular na prestigiosa Universidade Federal do Rio de Janeiro (UFRJ), onde fui um dos dois alunos a receber um pr\u00eamio nacional de ci\u00eancias. Isso deu in\u00edcio \u00e0 minha carreira cient\u00edfica, levando-me \u00e0 Ant\u00e1rtica para pesquisas inovadoras e, mais tarde, aos Estados Unidos, onde conclu\u00ed meu doutorado no Albert Einstein College of Medicine. Minha paix\u00e3o pela ci\u00eancia cognitiva me levou a trabalhar como consultor de pesquisa no Institute for Music and Neurologic Function.<br>Minha transi\u00e7\u00e3o para a \u00e1rea de educa\u00e7\u00e3o ocorreu depois de obter um mestrado em educa\u00e7\u00e3o e, desde ent\u00e3o, tornei-me defensora de ambientes de aprendizagem inclusivos. Tive o privil\u00e9gio de trabalhar nas melhores escolas particulares, inclusive como especialista em aprendizagem na Easton Country Day School, onde me concentro no apoio a alunos duas vezes excepcionais e superdotados.<br>Como brasileira que navegou pelo sistema educacional americano, entendo profundamente os desafios enfrentados pelas fam\u00edlias internacionais. Orientei com sucesso meus dois filhos em escolas particulares de prest\u00edgio e em universidades da Ivy League. Tamb\u00e9m ajudei minha filha, uma aluna duas vezes excepcional, a encontrar os servi\u00e7os acad\u00eamicos e de apoio certos, permitindo que ela prosperasse em classes avan\u00e7adas.<br>Em minha pr\u00e1tica de consultoria, ofere\u00e7o suporte abrangente para alunos neurodiversos, usando estrat\u00e9gias baseadas em pesquisas para garantir que eles atinjam seu potencial acad\u00eamico. Tamb\u00e9m auxilio fam\u00edlias locais e internacionais na coloca\u00e7\u00e3o em escolas e faculdades, ajudando-as a navegar com confian\u00e7a pelas institui\u00e7\u00f5es dos EUA. Minha experi\u00eancia combinada em educa\u00e7\u00e3o cient\u00edfica e minha jornada pessoal como pai e educador me permitem oferecer orienta\u00e7\u00e3o pr\u00e1tica e emp\u00e1tica \u00e0s fam\u00edlias com as quais trabalho.<\/p>\n\n\n\n<div class=\"wp-block-buttons is-layout-flex wp-block-buttons-is-layout-flex\">\n<div class=\"wp-block-button\"><a class=\"wp-block-button__link wp-element-button\" href=\"https:\/\/adriana-education.com\/pt\/my-experience\/\">Mais sobre mim<\/a><\/div>\n<\/div>\n<\/div>\n<\/div>\n\n\n\n<div class=\"nfd-container nfd-bg-surface nfd-theme-white wp-block-group is-layout-constrained wp-block-group-is-layout-constrained\">\n<div class=\"nfd-text-base nfd-gap-3xl wp-block-columns are-vertically-aligned-center is-layout-flex wp-container-core-columns-is-layout-28f84493 wp-block-columns-is-layout-flex\">\n<div class=\"md:nfd-order-2 nfd-text-md wp-block-column is-vertically-aligned-center is-layout-flow wp-container-core-column-is-layout-8eebadab wp-block-column-is-layout-flow\" style=\"flex-basis:100%\">\n<div class=\"nfd-gap-lg wp-block-group is-vertical is-layout-flex wp-container-core-group-is-layout-fe9cc265 wp-block-group-is-layout-flex\">\n<h2 class=\"nfd-text-xl nfd-text-contrast nfd-text-balance wp-block-heading has-base-color has-text-color has-link-color wp-elements-f9046612398362e6facffc23720fbc3b\">Veja como posso ajudar voc\u00ea e seu filho<\/h2>\n\n\n\n<div class=\"wp-block-columns is-layout-flex wp-container-core-columns-is-layout-28f84493 wp-block-columns-is-layout-flex\">\n<div class=\"wp-block-column is-layout-flow wp-block-column-is-layout-flow\">\n<h3 class=\"wp-block-heading\"><strong><strong>Suporte abrangente para alunos neurodiversos e suas fam\u00edlias<\/strong><\/strong><\/h3>\n\n\n\n<p class=\"\">Ajudo os alunos neurodiversos a receber o apoio personalizado e as acomoda\u00e7\u00f5es de que precisam para o sucesso acad\u00eamico.<\/p>\n\n\n\n<ul class=\"wp-block-list\">\n<li class=\"\"><strong>Suporte em educa\u00e7\u00e3o especializada:<\/strong>Garanto que seu filho receba as acomoda\u00e7\u00f5es e o apoio adequados.<\/li>\n\n\n\n<li class=\"\"><strong>Educa\u00e7\u00e3o e orienta\u00e7\u00e3o aos pais:<\/strong>Forneco a voc\u00ea o conhecimento e as ferramentas para apoiar o aprendizado de seu filho.<\/li>\n<\/ul>\n\n\n\n<div class=\"wp-block-buttons is-layout-flex wp-block-buttons-is-layout-flex\">\n<div class=\"wp-block-button\"><a class=\"wp-block-button__link wp-element-button\" href=\"https:\/\/adriana-education.com\/pt\/neurodiverse\/\">Saiba mais<\/a><\/div>\n<\/div>\n<\/div>\n\n\n\n<div class=\"wp-block-column is-layout-flow wp-block-column-is-layout-flow\">\n<h3 class=\"wp-block-heading\"><strong>Coloca\u00e7\u00e3o em escolas e faculdades para alunos internacionais<\/strong><\/h3>\n\n\n\n<p class=\"\">Ofere\u00e7o orienta\u00e7\u00e3o abrangente para fam\u00edlias internacionais que buscam identificar escolas e faculdades dos EUA que sejam adequadas para seus filhos.<\/p>\n\n\n\n<ul class=\"wp-block-list\">\n<li class=\"\"><strong>Coloca\u00e7\u00e3o em escolas: <\/strong>Sou especialista em trabalhar com fam\u00edlias internacionais, fornecendo orienta\u00e7\u00e3o e apoio para colocar seus filhos em escolas e faculdades nos EUA.<\/li>\n\n\n\n<li class=\"\"><strong>Consulta sobre coloca\u00e7\u00e3o em escola particular<\/strong>Ajudo  voc\u00ea a encontrar as escolas particulares mais adequadas para seu filho.<\/li>\n<\/ul>\n\n\n\n<div class=\"wp-block-buttons is-layout-flex wp-block-buttons-is-layout-flex\">\n<div class=\"wp-block-button\"><a class=\"wp-block-button__link wp-element-button\" href=\"https:\/\/adriana-education.com\/pt\/school-and-college-placement-for-international-students\/\">Saiba mais<\/a><\/div>\n<\/div>\n<\/div>\n\n\n\n<div class=\"wp-block-column is-layout-flow wp-block-column-is-layout-flow\">\n<h3 class=\"wp-block-heading\"><strong>Habilidades de estudo de ci\u00eancias e tutoria de conte\u00fado<\/strong><\/h3>\n\n\n\n<p class=\"\">Promovo uma compreens\u00e3o mais profunda dos conceitos cient\u00edficos e t\u00e9cnicas de estudo eficazes.<\/p>\n\n\n\n<ul class=\"wp-block-list\">\n<li class=\"\"><strong>Aulas particulares de ci\u00eancias:<\/strong>Ofereco  orienta\u00e7\u00e3o especializada em mat\u00e9rias cient\u00edficas para ajudar seu filho a se destacar<\/li>\n\n\n\n<li class=\"\"><strong>Coaching de Fun\u00e7\u00f5es Executivas:<\/strong>Ajudo o seu filho a desenvolver compet\u00eancias essenciais como a organiza\u00e7\u00e3o e a gest\u00e3o do tempo.<\/li>\n<\/ul>\n\n\n\n<div class=\"wp-block-buttons is-layout-flex wp-block-buttons-is-layout-flex\">\n<div class=\"wp-block-button\"><a class=\"wp-block-button__link wp-element-button\" href=\"https:\/\/adriana-education.com\/pt\/science-study-skills-and-tutoring\/\">Saiba mais<\/a><\/div>\n<\/div>\n<\/div>\n<\/div>\n\n\n\n<div class=\"wp-block-buttons is-horizontal is-content-justification-left is-layout-flex wp-container-core-buttons-is-layout-c4719c80 wp-block-buttons-is-layout-flex\"><\/div>\n<\/div>\n<\/div>\n<\/div>\n<\/div>\n\n\n\n<div class=\"nfd-container nfd-bg-surface nfd-theme-white wp-block-group is-layout-constrained wp-block-group-is-layout-constrained\">\n<div class=\"nfd-gap-lg nfd-py-lg nfd-bg-effect-grid-2 wp-block-group is-vertical is-content-justification-center is-layout-flex wp-container-core-group-is-layout-fa38c63a wp-block-group-is-layout-flex\">\n<div class=\"wp-block-group is-nowrap is-layout-flex wp-container-core-group-is-layout-6c531013 wp-block-group-is-layout-flex\">\n<div class=\"nfd-shadow-xs nfd-rounded-full nfd-bg-surface nfd-theme-primary wp-block-group is-layout-constrained wp-container-core-group-is-layout-c4486197 wp-block-group-is-layout-constrained\" style=\"padding-top:6px;padding-right:16px;padding-bottom:6px;padding-left:16px\">\n<p class=\"nfd-text-xs\" style=\"font-style:normal;font-weight:600;text-transform:uppercase\">Vamos Falar<\/p>\n<\/div>\n<\/div>\n\n\n\n<h2 class=\"wp-block-heading nfd-text-huge nfd-text-contrast nfd-text-balance has-text-align-center\">Solicite uma consulta gratuita<\/h2>\n\n\n\n<p class=\"nfd-text-md nfd-text-balance nfd-text-faded has-text-align-center\">Adriana Andrade Ph.D. MSc M.Ed.<\/p>\n\n\n\n<p class=\"\">Adriana.andrade23@gmail.com<\/p>\n\n\n\n<p class=\"\">(+1) 917-796-8092<\/p>\n<\/div>\n\n\n\n<div class=\"nfd-bg-surface nfd-theme-white wp-block-group is-layout-constrained wp-container-core-group-is-layout-41c06ba8 wp-block-group-is-layout-constrained\"><div class=\"wp-block-jetpack-contact-form is-style-default nfd-jp-form\"><a href=\"https:\/\/adriana-education.com\/pt\/\" target=\"_blank\" rel=\"noopener noreferrer\">Envie um formul\u00e1rio.<\/a><\/div><\/div>\n<\/div>","protected":false},"excerpt":{"rendered":"<p>As an educational consultant with over 20 years of experience in science research and education, curriculum development, and teaching, I have had the privilege of working with students and families from all backgrounds, including those with neurodiverse learning needs, international families, and anyone navigating the complexities of the U.S. educational system. My goal is to [&hellip;]<\/p>\n","protected":false},"author":1,"featured_media":0,"parent":0,"menu_order":0,"comment_status":"closed","ping_status":"closed","template":"","meta":{"nf_dc_page":"","footnotes":""},"class_list":["post-30","page","type-page","status-publish","hentry"],"jetpack_sharing_enabled":true,"_links":{"self":[{"href":"https:\/\/adriana-education.com\/pt\/wp-json\/wp\/v2\/pages\/30","targetHints":{"allow":["GET"]}}],"collection":[{"href":"https:\/\/adriana-education.com\/pt\/wp-json\/wp\/v2\/pages"}],"about":[{"href":"https:\/\/adriana-education.com\/pt\/wp-json\/wp\/v2\/types\/page"}],"author":[{"embeddable":true,"href":"https:\/\/adriana-education.com\/pt\/wp-json\/wp\/v2\/users\/1"}],"replies":[{"embeddable":true,"href":"https:\/\/adriana-education.com\/pt\/wp-json\/wp\/v2\/comments?post=30"}],"version-history":[{"count":8,"href":"https:\/\/adriana-education.com\/pt\/wp-json\/wp\/v2\/pages\/30\/revisions"}],"predecessor-version":[{"id":208,"href":"https:\/\/adriana-education.com\/pt\/wp-json\/wp\/v2\/pages\/30\/revisions\/208"}],"wp:attachment":[{"href":"https:\/\/adriana-education.com\/pt\/wp-json\/wp\/v2\/media?parent=30"}],"curies":[{"name":"wp","href":"https:\/\/api.w.org\/{rel}","templated":true}]}}