{"id":13,"date":"2024-07-10T15:35:41","date_gmt":"2024-07-10T15:35:41","guid":{"rendered":"http:\/\/oum.nsk.mybluehost.me\/science-study-skills-and-tutoring\/"},"modified":"2024-07-25T18:59:03","modified_gmt":"2024-07-25T18:59:03","slug":"science-study-skills-and-tutoring","status":"publish","type":"page","link":"https:\/\/adriana-education.com\/pt\/science-study-skills-and-tutoring\/","title":{"rendered":"Habilidades de estudo e tutoria em ci\u00eancias"},"content":{"rendered":"<div class=\"nfd-container nfd-p-lg wp-block-group nfd-bg-surface nfd-theme-dark nfd-bg-effect-grid is-layout-constrained wp-container-core-group-is-layout-6141fbbf wp-block-group-is-layout-constrained\">\n<div class=\"nfd-gap-lg wp-block-group is-vertical is-content-justification-left is-layout-flex wp-container-core-group-is-layout-58227553 wp-block-group-is-layout-flex\">\n<h2 class=\"wp-block-heading nfd-text-huge nfd-text-contrast nfd-text-balance has-text-align-left\">Aulas particulares<\/h2>\n<\/div>\n\n\n\n<p class=\"nfd-text-sm nfd-text-faded has-text-align-left\" style=\"font-style:normal;font-weight:500;letter-spacing:0.05em;text-transform:uppercase\">Promovo uma compreens\u00e3o mais profunda dos conceitos cient\u00edficos e t\u00e9cnicas de estudo eficazes.<\/p>\n<\/div>\n\n\n\n<div class=\"nfd-container nfd-p-lg wp-block-group nfd-bg-surface nfd-theme-darker nfd-bg-effect-dots is-layout-constrained wp-block-group-is-layout-constrained\" style=\"padding-top:var(--wp--preset--spacing--10);padding-bottom:var(--wp--preset--spacing--10)\">\n<div class=\"wp-block-group is-vertical is-layout-flex wp-container-core-group-is-layout-fe9cc265 wp-block-group-is-layout-flex\">\n<div class=\"nfd-text-base nfd-gap-md nfd-gap-y-xl wp-block-columns is-layout-flex wp-container-core-columns-is-layout-28f84493 wp-block-columns-is-layout-flex\">\n<div class=\"wp-block-column is-layout-flow wp-block-column-is-layout-flow\">\n<div class=\"nfd-shadow-xs nfd-p-card-square nfd-rounded nfd-gap-md wp-block-group nfd-bg-surface nfd-theme-dark is-vertical is-content-justification-left is-layout-flex wp-container-core-group-is-layout-dd225191 wp-block-group-is-layout-flex\" style=\"border-width:1px\">\n<p class=\"nfd-text-xl nfd-text-primary nfd-text-balance has-text-align-left\" style=\"font-style:normal;font-weight:300;letter-spacing:2px\"><strong>Aulas particulares personalizadas<\/strong><\/p>\n\n\n\n<h3 class=\"nfd-text-md nfd-text-contrast wp-block-heading has-text-align-left\" style=\"font-style:normal;font-weight:500\">Ofere\u00e7o sess\u00f5es de tutoria individuais e em grupo em v\u00e1rias disciplinas cient\u00edficas.<\/h3>\n<\/div>\n<\/div>\n\n\n\n<div class=\"wp-block-column is-layout-flow wp-block-column-is-layout-flow\">\n<div class=\"nfd-shadow-xs nfd-p-card-square nfd-rounded nfd-gap-md wp-block-group is-vertical is-content-justification-left is-layout-flex wp-container-core-group-is-layout-dd225191 wp-block-group-is-layout-flex\">\n<p class=\"nfd-text-xl nfd-text-primary nfd-text-balance has-text-align-left\" style=\"font-style:normal;font-weight:300;letter-spacing:2px\"><strong>Workshops de habilidades de estudo<\/strong><\/p>\n\n\n\n<p class=\"\">Realize workshops para ensinar t\u00e9cnicas de estudo eficazes, gerenciamento de tempo e estrat\u00e9gias de prepara\u00e7\u00e3o para exames adaptadas aos alunos de ci\u00eancias.<\/p>\n<\/div>\n<\/div>\n\n\n\n<div class=\"wp-block-column is-layout-flow wp-block-column-is-layout-flow\">\n<div class=\"nfd-shadow-xs nfd-p-card-square nfd-rounded nfd-gap-md wp-block-group nfd-bg-surface nfd-theme-dark is-vertical is-content-justification-left is-layout-flex wp-container-core-group-is-layout-dd225191 wp-block-group-is-layout-flex\" style=\"border-width:1px\">\n<p class=\"nfd-text-xl nfd-text-primary nfd-text-balance has-text-align-left\" style=\"font-style:normal;font-weight:300;letter-spacing:2px\"><strong>Prepara\u00e7\u00e3o para testes<\/strong><\/p>\n\n\n\n<p class=\"\">Prepare os alunos para testes padronizados, como o SAT, ACT, exames AP e avalia\u00e7\u00f5es de ci\u00eancias em n\u00edvel estadual.<\/p>\n<\/div>\n<\/div>\n<\/div>\n\n\n\n<div class=\"nfd-text-base nfd-gap-md nfd-gap-y-xl wp-block-columns is-layout-flex wp-container-core-columns-is-layout-28f84493 wp-block-columns-is-layout-flex\">\n<div class=\"wp-block-column is-layout-flow wp-block-column-is-layout-flow\"><\/div>\n\n\n\n<div class=\"wp-block-column is-layout-flow wp-block-column-is-layout-flow\"><\/div>\n<\/div>\n<\/div>\n<\/div>\n\n\n\n<div class=\"nfd-container nfd-py-lg wp-block-group nfd-bg-surface nfd-theme-white is-layout-constrained wp-block-group-is-layout-constrained\" style=\"padding-top:var(--wp--preset--spacing--40);padding-bottom:var(--wp--preset--spacing--40)\">\n<h2 class=\"wp-block-heading\"><strong>Habilidades de estudo de ci\u00eancias e tutoria de conte\u00fado<\/strong><\/h2>\n\n\n\n<p class=\"\">Aproveito meu profundo conhecimento das mat\u00e9rias STEM para melhorar a compreens\u00e3o e o desempenho acad\u00eamico dos alunos. Utilizo uma abordagem multissensorial, incorporando recursos visuais, atividades pr\u00e1ticas e instru\u00e7\u00e3o diferenciada para acomodar diversos estilos e habilidades de aprendizagem. Minha experi\u00eancia em pesquisa e desenvolvimento de curr\u00edculo me permite criar planos de aula envolventes e eficazes que atendem \u00e0s necessidades individuais dos alunos.<\/p>\n<\/div>\n\n\n\n<div class=\"nfd-container nfd-p-lg wp-block-group alignfull is-layout-constrained wp-block-group-is-layout-constrained\">\n<div class=\"nfd-rounded-lg nfd-overflow-hidden wp-block-group nfd-wb-animate nfd-wb-fade-in-bottom-short nfd-delay-300 nfd-bg-surface nfd-theme-white is-content-justification-left is-layout-flex wp-container-core-group-is-layout-46c3cdc7 wp-block-group-is-layout-flex\">\n<div class=\"nfd-p-card-square-lg nfd-text-base nfd-gap-xl wp-block-group nfd-bg-surface nfd-theme-darker nfd-bg-effect-grid-2 wp-container-content-62513620 is-vertical is-content-justification-left is-layout-flex wp-container-core-group-is-layout-994fc1a2 wp-block-group-is-layout-flex\">\n<div class=\"nfd-gap-sm wp-block-group is-vertical is-layout-flex wp-container-core-group-is-layout-fe9cc265 wp-block-group-is-layout-flex\">\n<h2 class=\"wp-block-heading nfd-text-contrast nfd-text-lg\">Entre em contato<\/h2>\n\n\n\n<p class=\"nfd-text-faded\">Estamos aqui para responder \u00e0s suas perguntas e ouvir suas sugest\u00f5es.<\/p>\n<\/div>\n<\/div>\n\n\n\n<div class=\"nfd-p-card-square-lg md:nfd-basis-full wp-block-group nfd-bg-surface nfd-theme-white wp-container-content-6d18316b is-layout-constrained wp-container-core-group-is-layout-41c06ba8 wp-block-group-is-layout-constrained\"><div class=\"wp-block-jetpack-contact-form is-style-default nfd-jp-form\"><a href=\"https:\/\/adriana-education.com\/pt\/science-study-skills-and-tutoring\/\" target=\"_blank\" rel=\"noopener noreferrer\">Envie um formul\u00e1rio.<\/a><\/div><\/div>\n<\/div>\n<\/div>","protected":false},"excerpt":{"rendered":"<p>Tutoring I foster a deeper understanding of scientific concepts and effective study techniques. Personalized Tutoring Offer one-on-one and group tutoring sessions in various science subjects. Study Skills Workshops Conduct workshops to teach effective study techniques, time management, and exam preparation strategies tailored to science students. Test Preparation Prepare students for standardized tests such as the [&hellip;]<\/p>\n","protected":false},"author":1,"featured_media":0,"parent":0,"menu_order":0,"comment_status":"closed","ping_status":"closed","template":"no-title","meta":{"nf_dc_page":"science-study-skills-and-tutoring","footnotes":""},"class_list":["post-13","page","type-page","status-publish","hentry"],"jetpack_sharing_enabled":true,"_links":{"self":[{"href":"https:\/\/adriana-education.com\/pt\/wp-json\/wp\/v2\/pages\/13","targetHints":{"allow":["GET"]}}],"collection":[{"href":"https:\/\/adriana-education.com\/pt\/wp-json\/wp\/v2\/pages"}],"about":[{"href":"https:\/\/adriana-education.com\/pt\/wp-json\/wp\/v2\/types\/page"}],"author":[{"embeddable":true,"href":"https:\/\/adriana-education.com\/pt\/wp-json\/wp\/v2\/users\/1"}],"replies":[{"embeddable":true,"href":"https:\/\/adriana-education.com\/pt\/wp-json\/wp\/v2\/comments?post=13"}],"version-history":[{"count":3,"href":"https:\/\/adriana-education.com\/pt\/wp-json\/wp\/v2\/pages\/13\/revisions"}],"predecessor-version":[{"id":112,"href":"https:\/\/adriana-education.com\/pt\/wp-json\/wp\/v2\/pages\/13\/revisions\/112"}],"wp:attachment":[{"href":"https:\/\/adriana-education.com\/pt\/wp-json\/wp\/v2\/media?parent=13"}],"curies":[{"name":"wp","href":"https:\/\/api.w.org\/{rel}","templated":true}]}}