{"id":11,"date":"2024-07-10T15:35:34","date_gmt":"2024-07-10T15:35:34","guid":{"rendered":"http:\/\/oum.nsk.mybluehost.me\/comprehensive-support\/"},"modified":"2024-07-25T18:48:27","modified_gmt":"2024-07-25T18:48:27","slug":"neurodiverse","status":"publish","type":"page","link":"https:\/\/adriana-education.com\/pt\/neurodiverse\/","title":{"rendered":"Neurodiversos"},"content":{"rendered":"<div class=\"nfd-container wp-block-group has-white-color has-text-color nfd-bg-surface nfd-theme-white is-layout-constrained wp-block-group-is-layout-constrained\">\n<div class=\"nfd-p-lg nfd-bg-primary nfd-rounded-lg wp-block-cover is-light has-parallax\" style=\"min-height:35vh;aspect-ratio:unset;\"><span aria-hidden=\"true\" class=\"wp-block-cover__background has-background-dim-70 has-background-dim\" style=\"background-color:#bdb6b7\"><\/span><div role=\"img\" aria-label=\"Photo by &lt;a href=&quot;https:\/\/unsplash.com\/@napr0tiv?utm_content=creditCopyText&amp;utm_medium=referral&amp;utm_source=unsplash&quot;&gt;Vasily Koloda&lt;\/a&gt; on &lt;a href=&quot;https:\/\/unsplash.com\/photos\/group-of-fresh-graduates-students-throwing-their-academic-hat-in-the-air-8CqDvPuo_kI?utm_content=creditCopyText&amp;utm_medium=referral&amp;utm_source=unsplash&quot;&gt;Unsplash&lt;\/a&gt;  \" class=\"wp-block-cover__image-background has-parallax\" style=\"background-position:50% 50%;background-image:url(blob:https:\/\/adriana-education.com\/1c129ff9-cf76-4bd8-b945-221a47f82bef)\"><\/div><div class=\"wp-block-cover__inner-container is-layout-flow wp-block-cover-is-layout-flow\">\n<div class=\"nfd-container nfd-gap-md wp-block-group alignwide has-background nfd-bg-surface nfd-theme-dark is-vertical is-content-justification-center is-layout-flex wp-container-core-group-is-layout-fa38c63a wp-block-group-is-layout-flex\" style=\"background-color:#ffffff00\">\n<p class=\"nfd-text-xs nfd-text-balance has-text-align-center\" style=\"font-style:normal;font-weight:600;text-transform:uppercase\">Suporte abrangente<\/p>\n\n\n\n<h2 class=\"wp-block-heading nfd-text-huge nfd-text-contrast nfd-text-balance has-text-align-center\">Neurodiversos<\/h2>\n<\/div>\n<\/div><\/div>\n<\/div>\n\n\n\n<div class=\"nfd-container nfd-p-lg wp-block-group nfd-bg-surface nfd-theme-light is-layout-constrained wp-container-core-group-is-layout-ea8482c2 wp-block-group-is-layout-constrained\" style=\"padding-top:var(--wp--preset--spacing--30);padding-right:0;padding-bottom:var(--wp--preset--spacing--30);padding-left:0\">\n<div class=\"nfd-gap-y-2xl wp-block-columns are-vertically-aligned-top is-layout-flex wp-container-core-columns-is-layout-730ec5d8 wp-block-columns-is-layout-flex\" style=\"padding-top:0;padding-right:0;padding-bottom:0;padding-left:0\">\n<div class=\"wp-block-column is-vertically-aligned-top has-contrast-background-color has-background is-layout-flow wp-container-core-column-is-layout-8a368f38 wp-block-column-is-layout-flow\" style=\"border-style:none;border-width:0px\">\n<h2 class=\"wp-block-heading has-header-foreground-background-color has-background\" style=\"padding-top:var(--wp--preset--spacing--20);padding-right:var(--wp--preset--spacing--10);padding-bottom:var(--wp--preset--spacing--20);padding-left:var(--wp--preset--spacing--10)\"><strong>Defesa de direitos<\/strong><\/h2>\n\n\n\n<p class=\"has-header-foreground-background-color has-background\"><strong><span style=\"text-decoration: underline;\">Atuo<\/span><\/strong> como defensora dos alunos com diversidade neurol\u00f3gica no sistema educacional para garantir que eles recebam acomoda\u00e7\u00f5es e apoio adequados.<\/p>\n<\/div>\n\n\n\n<div class=\"wp-block-column is-vertically-aligned-top has-contrast-background-color has-background is-layout-flow wp-container-core-column-is-layout-92c44e9e wp-block-column-is-layout-flow\" style=\"border-style:none;border-width:0px;padding-top:0;padding-bottom:0\">\n<div class=\"wp-block-columns is-layout-flex wp-container-core-columns-is-layout-28f84493 wp-block-columns-is-layout-flex\">\n<div class=\"wp-block-column is-layout-flow wp-block-column-is-layout-flow\">\n<div class=\"nfd-gap-md nfd-p-card-sm wp-block-group has-header-foreground-background-color has-background is-vertical is-content-justification-stretch is-layout-flex wp-container-core-group-is-layout-353c4f5a wp-block-group-is-layout-flex\">\n<div class=\"wp-block-group is-layout-constrained wp-block-group-is-layout-constrained\">\n<h2 class=\"wp-block-heading\"><strong><strong><strong>Planos Educacionais Individualizados (IEPs)<\/strong><\/strong><\/strong><\/h2>\n\n\n\n<p class=\"\"><span style=\"text-decoration: underline;\"><strong>Ajudo<\/strong> <\/span>as fam\u00edlias a entender os IEPs eficazes e a garantir que eles sejam adaptados \u00e0s necessidades espec\u00edficas de aprendizado de seus filhos neurodiversos.<\/p>\n<\/div>\n<\/div>\n<\/div>\n<\/div>\n<\/div>\n\n\n\n<div class=\"wp-block-column is-vertically-aligned-top has-contrast-background-color has-background is-layout-flow wp-container-core-column-is-layout-8a368f38 wp-block-column-is-layout-flow\">\n<div class=\"nfd-theme-white nfd-bg-surface nfd-gap-0 nfd-shadow-xs nfd-rounded wp-block-group is-vertical is-content-justification-center is-layout-flex wp-container-core-group-is-layout-4f05d86a wp-block-group-is-layout-flex\" style=\"padding-top:4px;padding-right:4px;padding-bottom:4px;padding-left:4px\">\n<div class=\"nfd-gap-md nfd-p-card-sm wp-block-group is-vertical is-content-justification-stretch is-layout-flex wp-container-core-group-is-layout-353c4f5a wp-block-group-is-layout-flex\">\n<h2 class=\"wp-block-heading\"><strong>Orienta\u00e7\u00e3o aos pais<\/strong><\/h2>\n\n\n\n<p class=\"\"><strong>Ofere\u00e7o <\/strong>aos pais estrat\u00e9gias e recursos para apoiar a educa\u00e7\u00e3o e o desenvolvimento de seus filhos neurodiversos.<\/p>\n<\/div>\n<\/div>\n<\/div>\n<\/div>\n<\/div>\n\n\n\n<h2 class=\"wp-block-heading has-text-align-center has-base-color has-text-color has-link-color wp-elements-8e625834c5791ff28a24b8ce1777e695\"><strong>Suporte abrangente para alunos neurodiversos e suas fam\u00edlias<\/strong><\/h2>\n\n\n\n<div class=\"nfd-container wp-block-group is-layout-constrained wp-block-group-is-layout-constrained\">\n<p class=\"\">Ofere\u00e7o defesa personalizada e estrat\u00e9gias educacionais para garantir que os alunos com neurodiversidade recebam o apoio e as acomoda\u00e7\u00f5es necess\u00e1rias para o sucesso acad\u00eamico. Minha experi\u00eancia inclui o uso de programas de interven\u00e7\u00e3o apoiados por pesquisas para dificuldades de alfabetiza\u00e7\u00e3o, matem\u00e1tica e reda\u00e7\u00e3o, bem como a avalia\u00e7\u00e3o e o monitoramento cont\u00ednuos do progresso do aluno para adaptar as estrat\u00e9gias de instru\u00e7\u00e3o. Minha fun\u00e7\u00e3o como especialista em aprendizagem na Easton Country Day School refor\u00e7ou meu compromisso com a cria\u00e7\u00e3o de ambientes de aprendizagem inclusivos que atendam \u00e0s diversas necessidades de aprendizagem.<\/p>\n<\/div>\n\n\n\n<div class=\"nfd-container nfd-p-lg wp-block-group nfd-bg-surface nfd-theme-dark nfd-bg-effect-grid is-layout-constrained wp-block-group-is-layout-constrained\">\n<div class=\"nfd-gap-3xl wp-block-columns is-layout-flex wp-container-core-columns-is-layout-28f84493 wp-block-columns-is-layout-flex\">\n<div class=\"wp-block-column is-layout-flow wp-block-column-is-layout-flow\">\n<div class=\"wp-block-group is-vertical is-content-justification-center is-layout-flex wp-container-core-group-is-layout-333ec4aa wp-block-group-is-layout-flex\">\n<div class=\"nfd-container nfd-py-lg wp-block-group alignfull nfd-bg-surface nfd-theme-primary is-layout-constrained wp-block-group-is-layout-constrained\" style=\"padding-top:var(--wp--preset--spacing--50);padding-bottom:var(--wp--preset--spacing--50)\">\n<div class=\"nfd-gap-0 wp-block-group alignfull is-vertical is-content-justification-center is-layout-flex wp-container-core-group-is-layout-ce155fab wp-block-group-is-layout-flex\">\n<div class=\"nfd-gap-lg nfd-pb-lg wp-block-group is-vertical is-content-justification-center is-layout-flex wp-container-core-group-is-layout-fa38c63a wp-block-group-is-layout-flex\">\n<div class=\"wp-block-group is-nowrap is-layout-flex wp-container-core-group-is-layout-6c531013 wp-block-group-is-layout-flex\">\n<div class=\"nfd-shadow-xs nfd-rounded-full wp-block-group nfd-bg-surface nfd-theme-darker is-layout-constrained wp-container-core-group-is-layout-c4486197 wp-block-group-is-layout-constrained\" style=\"padding-top:6px;padding-right:16px;padding-bottom:6px;padding-left:16px\">\n<p class=\"nfd-text-xs\" style=\"font-style:normal;font-weight:600;text-transform:uppercase\">VAMOS CONVERSAR<\/p>\n<\/div>\n<\/div>\n\n\n\n<h2 class=\"wp-block-heading nfd-text-huge nfd-text-contrast nfd-text-balance has-text-align-center\">Solicite uma consulta gratuita<\/h2>\n\n\n\n<p class=\"nfd-text-md nfd-text-balance nfd-text-faded has-text-align-center\">Gostar\u00edamos muito de ouvir de voc\u00ea. Estamos aqui para responder \u00e0s suas perguntas e ouvir suas sugest\u00f5es.<\/p>\n<\/div>\n\n\n\n<div class=\"nfd-container nfd-py-0 nfd-px-lg wp-block-group alignfull is-layout-constrained wp-block-group-is-layout-constrained\">\n<div class=\"nfd-rounded-lg nfd-overflow-hidden wp-block-group nfd-wb-animate nfd-wb-fade-in-bottom-short nfd-delay-300 nfd-bg-surface nfd-theme-white is-content-justification-left is-layout-flex wp-container-core-group-is-layout-46c3cdc7 wp-block-group-is-layout-flex\">\n<div class=\"nfd-p-card-square-lg nfd-text-base nfd-gap-xl wp-block-group nfd-bg-surface nfd-theme-darker nfd-bg-effect-grid-2 wp-container-content-62513620 is-vertical is-content-justification-left is-layout-flex wp-container-core-group-is-layout-994fc1a2 wp-block-group-is-layout-flex\">\n<div class=\"nfd-gap-sm wp-block-group is-vertical is-layout-flex wp-container-core-group-is-layout-fe9cc265 wp-block-group-is-layout-flex\">\n<h2 class=\"wp-block-heading nfd-text-contrast nfd-text-lg\">Entre em contato<\/h2>\n\n\n\n<p class=\"nfd-text-faded\">Estamos aqui para responder \u00e0s suas perguntas e ouvir suas sugest\u00f5es.<\/p>\n<\/div>\n\n\n\n<div class=\"nfd-gap-md wp-block-group is-vertical is-layout-flex wp-container-core-group-is-layout-fe9cc265 wp-block-group-is-layout-flex\">\n<p class=\"\"><strong>New York<\/strong><\/p>\n\n\n\n<p class=\"nfd-text-opacity-80 nfd-text-sm\">7 Blvd Ave, New York<br>56712 NY<\/p>\n\n\n\n<p class=\"nfd-text-opacity-80 nfd-text-sm\">(212) 555-0001<br>hello@example.com<\/p>\n<\/div>\n<\/div>\n\n\n\n<div class=\"nfd-p-card-square-lg md:nfd-basis-full wp-block-group nfd-bg-surface nfd-theme-white wp-container-content-6d18316b is-layout-constrained wp-container-core-group-is-layout-41c06ba8 wp-block-group-is-layout-constrained\"><div class=\"wp-block-jetpack-contact-form is-style-default nfd-jp-form\"><a href=\"https:\/\/adriana-education.com\/pt\/neurodiverse\/\" target=\"_blank\" rel=\"noopener noreferrer\">Envie um formul\u00e1rio.<\/a><\/div><\/div>\n<\/div>\n<\/div>\n<\/div>\n<\/div>\n<\/div>\n<\/div>\n<\/div>\n<\/div>\n\n\n\n<div class=\"nfd-container wp-block-group nfd-bg-surface nfd-theme-white is-layout-constrained wp-block-group-is-layout-constrained\">\n<div class=\"wp-block-columns is-layout-flex wp-container-core-columns-is-layout-28f84493 wp-block-columns-is-layout-flex\">\n<div class=\"wp-block-column is-layout-flow wp-block-column-is-layout-flow\"><\/div>\n\n\n\n<div class=\"wp-block-column is-layout-flow wp-block-column-is-layout-flow\"><\/div>\n<\/div>\n<\/div>\n\n\n\n<div class=\"nfd-container wp-block-group nfd-bg-surface nfd-theme-white is-layout-constrained wp-block-group-is-layout-constrained\">\n<div class=\"nfd-gap-xl nfd-gap-y-2xl wp-block-columns is-layout-flex wp-container-core-columns-is-layout-28f84493 wp-block-columns-is-layout-flex\">\n<div class=\"wp-block-column is-layout-flow wp-block-column-is-layout-flow\" style=\"flex-basis:66.66%\">\n<div class=\"nfd-query-loop-2 wp-block-query is-layout-flow wp-block-query-is-layout-flow\"><\/div>\n<\/div>\n\n\n\n<div class=\"wp-block-column is-vertically-aligned-center is-layout-flow wp-block-column-is-layout-flow\" style=\"flex-basis:33.33%\">\n<div class=\"nfd-gap-xl wp-block-group is-vertical is-layout-flex wp-container-core-group-is-layout-fe9cc265 wp-block-group-is-layout-flex\">\n<h2 class=\"nfd-text-lg wp-block-heading\">Publica\u00e7\u00f5es recentes<\/h2>\n\n\n\n<div class=\"wp-block-query is-layout-flow wp-block-query-is-layout-flow\"><\/div>\n<\/div>\n<\/div>\n<\/div>\n<\/div>","protected":false},"excerpt":{"rendered":"<p>Advocacy I act as an advocate for neurodiverse students within the educational system to ensure they receive appropriate accommodations and support. Individualized Education Plans (IEPs) I help families understand effective IEPs and ensure they are tailored to their neurodiverse child\u2019s specific learning needs. Parental Guidance I provide parents with strategies and resources to support their [&hellip;]<\/p>\n","protected":false},"author":1,"featured_media":0,"parent":0,"menu_order":0,"comment_status":"closed","ping_status":"closed","template":"no-title","meta":{"nf_dc_page":"comprehensive-support","footnotes":""},"class_list":["post-11","page","type-page","status-publish","hentry"],"jetpack_sharing_enabled":true,"_links":{"self":[{"href":"https:\/\/adriana-education.com\/pt\/wp-json\/wp\/v2\/pages\/11","targetHints":{"allow":["GET"]}}],"collection":[{"href":"https:\/\/adriana-education.com\/pt\/wp-json\/wp\/v2\/pages"}],"about":[{"href":"https:\/\/adriana-education.com\/pt\/wp-json\/wp\/v2\/types\/page"}],"author":[{"embeddable":true,"href":"https:\/\/adriana-education.com\/pt\/wp-json\/wp\/v2\/users\/1"}],"replies":[{"embeddable":true,"href":"https:\/\/adriana-education.com\/pt\/wp-json\/wp\/v2\/comments?post=11"}],"version-history":[{"count":5,"href":"https:\/\/adriana-education.com\/pt\/wp-json\/wp\/v2\/pages\/11\/revisions"}],"predecessor-version":[{"id":106,"href":"https:\/\/adriana-education.com\/pt\/wp-json\/wp\/v2\/pages\/11\/revisions\/106"}],"wp:attachment":[{"href":"https:\/\/adriana-education.com\/pt\/wp-json\/wp\/v2\/media?parent=11"}],"curies":[{"name":"wp","href":"https:\/\/api.w.org\/{rel}","templated":true}]}}